{"id":2775,"date":"2021-06-15T20:53:20","date_gmt":"2021-06-15T20:53:20","guid":{"rendered":"https:\/\/eminentfood.nl\/produkte\/"},"modified":"2025-05-12T13:36:50","modified_gmt":"2025-05-12T13:36:50","slug":"produkte","status":"publish","type":"page","link":"https:\/\/eminentfood.nl\/de\/produkte\/","title":{"rendered":"PRODUKTE"},"content":{"rendered":"<div class=\"wpb-content-wrapper\"><p>[vc_row equal_height=&#8220;yes&#8220; content_placement=&#8220;top&#8220;][vc_column width=&#8220;1\/4&#8243; css=&#8220;.vc_custom_1623847764798{border-right-width: 1px !important;border-right-color: #e8e8e8 !important;border-right-style: solid !important;}&#8220;][vc_single_image image=&#8220;387&#8243; img_size=&#8220;full&#8220; alignment=&#8220;center&#8220; onclick=&#8220;custom_link&#8220; css_animation=&#8220;none&#8220; css=&#8220;.vc_custom_1623920583640{margin-bottom: 0px !important;}&#8220; link=&#8220;https:\/\/eminentfood.nl\/de\/produkte\/tomaten\/&#8220;]<div id=\"ultimate-heading-639069f42e966faf2\" class=\"uvc-heading ult-adjust-bottom-margin ultimate-heading-639069f42e966faf2 uvc-5858  uvc-heading-default-font-sizes\" data-hspacer=\"no_spacer\"  data-halign=\"center\" style=\"text-align:center\"><div class=\"uvc-heading-spacer no_spacer\" style=\"top\"><\/div><div class=\"uvc-main-heading ult-responsive\"  data-ultimate-target='.uvc-heading.ultimate-heading-639069f42e966faf2 h4'  data-responsive-json-new='{\"font-size\":\"\",\"line-height\":\"\"}' ><h4 style=\"--font-weight:theme;margin-top:-20;margin-bottom:10px;\">TOMATEN<\/h4><\/div><\/div>[\/vc_column][vc_column width=&#8220;1\/4&#8243; css=&#8220;.vc_custom_1623847824780{border-right-width: 1px !important;border-right-color: #e8e8e8 !important;border-right-style: solid !important;}&#8220;][vc_single_image image=&#8220;1050&#8243; img_size=&#8220;full&#8220; alignment=&#8220;center&#8220; onclick=&#8220;custom_link&#8220; css_animation=&#8220;none&#8220; css=&#8220;.vc_custom_1624826316384{margin-bottom: 0px !important;}&#8220; link=&#8220;https:\/\/eminentfood.nl\/de\/produkte\/paprikas\/&#8220;]<div id=\"ultimate-heading-433169f42e966fb71\" class=\"uvc-heading ult-adjust-bottom-margin ultimate-heading-433169f42e966fb71 uvc-4135  uvc-heading-default-font-sizes\" data-hspacer=\"no_spacer\"  data-halign=\"center\" style=\"text-align:center\"><div class=\"uvc-heading-spacer no_spacer\" style=\"top\"><\/div><div class=\"uvc-main-heading ult-responsive\"  data-ultimate-target='.uvc-heading.ultimate-heading-433169f42e966fb71 h4'  data-responsive-json-new='{\"font-size\":\"\",\"line-height\":\"\"}' ><h4 style=\"--font-weight:theme;margin-top:-20;margin-bottom:10px;\">PAPRIKAS<\/h4><\/div><\/div>[\/vc_column][vc_column width=&#8220;1\/4&#8243; css=&#8220;.vc_custom_1623847923232{border-right-width: 1px !important;border-right-color: #ffffff !important;border-right-style: solid !important;}&#8220;][vc_single_image image=&#8220;829&#8243; img_size=&#8220;full&#8220; alignment=&#8220;center&#8220; onclick=&#8220;custom_link&#8220; css_animation=&#8220;none&#8220; css=&#8220;.vc_custom_1625011698655{margin-bottom: 0px !important;}&#8220; link=&#8220;https:\/\/eminentfood.nl\/de\/produkte\/pfeffer\/&#8220;]<div id=\"ultimate-heading-245369f42e966fbbb\" class=\"uvc-heading ult-adjust-bottom-margin ultimate-heading-245369f42e966fbbb uvc-5829  uvc-heading-default-font-sizes\" data-hspacer=\"no_spacer\"  data-halign=\"center\" style=\"text-align:center\"><div class=\"uvc-heading-spacer no_spacer\" style=\"top\"><\/div><div class=\"uvc-main-heading ult-responsive\"  data-ultimate-target='.uvc-heading.ultimate-heading-245369f42e966fbbb h4'  data-responsive-json-new='{\"font-size\":\"\",\"line-height\":\"\"}' ><h4 style=\"--font-weight:theme;margin-top:-20;margin-bottom:10px;\">PFEFFER<\/h4><\/div><\/div>[\/vc_column][\/vc_row][vc_row][vc_column][vc_separator color=&#8220;custom&#8220; css=&#8220;.vc_custom_1625011998192{padding-top: 50px !important;padding-bottom: 50px !important;}&#8220; accent_color=&#8220;#fac189&#8243;][\/vc_column][\/vc_row][vc_row content_placement=&#8220;top&#8220; bg_type=&#8220;image&#8220; parallax_style=&#8220;vcpb-default&#8220; bg_image_repeat=&#8220;no-repeat&#8220; css=&#8220;.vc_custom_1623795908757{margin-top: 100px !important;margin-bottom: -30px !important;}&#8220;][vc_column width=&#8220;1\/6&#8243;][\/vc_column][vc_column width=&#8220;2\/3&#8243; css=&#8220;.vc_custom_1623795829957{margin-bottom: 70px !important;}&#8220;][vc_column_text css=&#8220;&#8220;]<strong>Wir liefern nur Gem\u00fcse, das wirklich anders ist. Au\u00dfergew\u00f6hnliches Gem\u00fcse, das in jedem Gericht die Hauptrolle spielen kann. Das sind unsere Tomaten, Paprika und Chilis. Superfrisch und von bester Qualit\u00e4t, Spezialit\u00e4ten f\u00fcr jeden Tag.<\/strong>[\/vc_column_text][vc_row_inner][vc_column_inner width=&#8220;1\/2&#8243; css=&#8220;.vc_custom_1623867494659{margin-top: 20px !important;}&#8220;]<div class=\" ubtn-ctn-center \"><a class=\"ubtn-link ult-adjust-bottom-margin ubtn-center ubtn-block \" href=\"https:\/\/shop.eminentfood.com\" title=\"webshop\" target=\"_blank\" rel=\"noopener\" ><button type=\"button\" id=\"ubtn-2917\"  class=\"ubtn ult-adjust-bottom-margin ult-responsive ubtn-block ubtn-bottom-bg  none  ubtn-center   tooltip-69f42e966fc03 ubtn-block\"  data-hover=\"\" data-border-color=\"#3c3c3c\" data-bg=\"#ffffff\" data-hover-bg=\"#fac189\" data-border-hover=\"\" data-shadow-hover=\"\" data-shadow-click=\"none\" data-shadow=\"\" data-shd-shadow=\"\"  data-ultimate-target='#ubtn-2917'  data-responsive-json-new='{\"font-size\":\"desktop:22px;\",\"line-height\":\"desktop:24px;\"}'  style=\"font-weight:normal;border-radius:0px;border-width:1px;border-color:#3c3c3c;border-style:solid;background: #ffffff;color: #3c3c3c;\"><span class=\"ubtn-hover\" style=\"background-color:#fac189\"><\/span><span class=\"ubtn-data ubtn-text \" >ZUM ONLINESHOP<\/span><\/button><\/a><\/div>[\/vc_column_inner][vc_column_inner width=&#8220;1\/2&#8243; css=&#8220;.vc_custom_1623867498420{margin-top: 20px !important;}&#8220;]<div class=\" ubtn-ctn-center \"><a class=\"ubtn-link ult-adjust-bottom-margin ubtn-center ubtn-block \" href=\"\/recepten-en-inspiratie\/\" title=\"recepten en inspiratie\" ><button type=\"button\" id=\"ubtn-2951\"  class=\"ubtn ult-adjust-bottom-margin ult-responsive ubtn-block ubtn-bottom-bg  none  ubtn-center   tooltip-69f42e966fc8e ubtn-block\"  data-hover=\"\" data-border-color=\"#3c3c3c\" data-bg=\"#ffffff\" data-hover-bg=\"#fac189\" data-border-hover=\"\" data-shadow-hover=\"\" data-shadow-click=\"none\" data-shadow=\"\" data-shd-shadow=\"\"  data-ultimate-target='#ubtn-2951'  data-responsive-json-new='{\"font-size\":\"desktop:22px;\",\"line-height\":\"desktop:24px;\"}'  style=\"font-weight:normal;border-radius:0px;border-width:1px;border-color:#3c3c3c;border-style:solid;background: #ffffff;color: #3c3c3c;\"><span class=\"ubtn-hover\" style=\"background-color:#fac189\"><\/span><span class=\"ubtn-data ubtn-text \" >REZEPTE UND INSPIRATION<\/span><\/button><\/a><\/div>[\/vc_column_inner][\/vc_row_inner][vc_separator css=&#8220;.vc_custom_1623867340161{margin-top: 30px !important;margin-bottom: 30px !important;}&#8220;][vc_single_image image=&#8220;276&#8243; img_size=&#8220;medium&#8220; alignment=&#8220;center&#8220; lazy_loading=&#8220;true&#8220;]<style type=\"text\/css\" data-type=\"the7_shortcodes-inline-css\">.dt-breadcrumbs-id-a64922828e525f5c073a4b5aee90ff5f .breadcrumbs {\n  display: inline-block;\n  margin: 0;\n  padding: 10px 10px 6px 10px;\n  border: 0px solid #b5b5b5;\n  border-radius: 0px;\n}\n.dt-breadcrumbs-id-a64922828e525f5c073a4b5aee90ff5f .breadcrumbs * {\n  font-size: 16px;\n  text-transform: uppercase;\n  color: #726e6e;\n}<\/style><div class=\"dt-breadcrumbs-shortcode dt-breadcrumbs-id-a64922828e525f5c073a4b5aee90ff5f align-centre\"><div class=\"assistive-text\">Sie befinden sich hier:<\/div><ol class=\"breadcrumbs text-small\" itemscope itemtype=\"https:\/\/schema.org\/BreadcrumbList\"><li itemprop=\"itemListElement\" itemscope itemtype=\"https:\/\/schema.org\/ListItem\"><a itemprop=\"item\" href=\"https:\/\/eminentfood.nl\/de\/\" title=\"Start\"><span itemprop=\"name\">Start<\/span><\/a><meta itemprop=\"position\" content=\"1\" \/><\/li><li class=\"current\" itemprop=\"itemListElement\" itemscope itemtype=\"https:\/\/schema.org\/ListItem\"><span itemprop=\"name\">Seite<\/span><meta itemprop=\"position\" content=\"2\" \/><\/li><\/ol><\/div>[\/vc_column][vc_column width=&#8220;1\/6&#8243;][\/vc_column][\/vc_row]<\/p>\n<\/div>","protected":false},"excerpt":{"rendered":"<p>[vc_row equal_height=&#8220;yes&#8220; content_placement=&#8220;top&#8220;][vc_column width=&#8220;1\/4&#8243; css=&#8220;.vc_custom_1623847764798{border-right-width: 1px !important;border-right-color: #e8e8e8 !important;border-right-style: solid !important;}&#8220;][vc_single_image image=&#8220;387&#8243; img_size=&#8220;full&#8220; alignment=&#8220;center&#8220; onclick=&#8220;custom_link&#8220; css_animation=&#8220;none&#8220; css=&#8220;.vc_custom_1623920583640{margin-bottom: 0px !important;}&#8220; link=&#8220;https:\/\/eminentfood.nl\/de\/produkte\/tomaten\/&#8220;][\/vc_column][vc_column width=&#8220;1\/4&#8243; css=&#8220;.vc_custom_1623847824780{border-right-width: 1px !important;border-right-color: #e8e8e8 !important;border-right-style: solid !important;}&#8220;][vc_single_image image=&#8220;1050&#8243; img_size=&#8220;full&#8220; alignment=&#8220;center&#8220; onclick=&#8220;custom_link&#8220; css_animation=&#8220;none&#8220; css=&#8220;.vc_custom_1624826316384{margin-bottom: 0px !important;}&#8220; link=&#8220;https:\/\/eminentfood.nl\/de\/produkte\/paprikas\/&#8220;][\/vc_column][vc_column width=&#8220;1\/4&#8243; css=&#8220;.vc_custom_1623847923232{border-right-width: 1px !important;border-right-color: #ffffff !important;border-right-style: solid !important;}&#8220;][vc_single_image image=&#8220;829&#8243; img_size=&#8220;full&#8220; alignment=&#8220;center&#8220; onclick=&#8220;custom_link&#8220; css_animation=&#8220;none&#8220; css=&#8220;.vc_custom_1625011698655{margin-bottom: 0px !important;}&#8220; link=&#8220;https:\/\/eminentfood.nl\/de\/produkte\/pfeffer\/&#8220;][\/vc_column][\/vc_row][vc_row][vc_column][vc_separator color=&#8220;custom&#8220;&hellip;<\/p>\n","protected":false},"author":1,"featured_media":0,"parent":0,"menu_order":0,"comment_status":"closed","ping_status":"closed","template":"","meta":{"footnotes":""},"class_list":["post-2775","page","type-page","status-publish","hentry","description-off"],"yoast_head":"<!-- This site is optimized with the Yoast SEO plugin v27.5 - https:\/\/yoast.com\/product\/yoast-seo-wordpress\/ -->\n<title>PRODUKTE - Eminent Food<\/title>\n<meta name=\"robots\" content=\"index, follow, max-snippet:-1, max-image-preview:large, max-video-preview:-1\" \/>\n<link rel=\"canonical\" href=\"https:\/\/eminentfood.nl\/de\/produkte\/\" \/>\n<meta property=\"og:locale\" content=\"de_DE\" \/>\n<meta property=\"og:type\" content=\"article\" \/>\n<meta property=\"og:title\" content=\"PRODUKTE - Eminent Food\" \/>\n<meta property=\"og:description\" content=\"[vc_row equal_height=&#8220;yes&#8220; content_placement=&#8220;top&#8220;][vc_column width=&#8220;1\/4&#8243; css=&#8220;.vc_custom_1623847764798{border-right-width: 1px !important;border-right-color: #e8e8e8 !important;border-right-style: solid !important;}&#8220;][vc_single_image image=&#8220;387&#8243; img_size=&#8220;full&#8220; alignment=&#8220;center&#8220; onclick=&#8220;custom_link&#8220; css_animation=&#8220;none&#8220; css=&#8220;.vc_custom_1623920583640{margin-bottom: 0px !important;}&#8220; link=&#8220;https:\/\/eminentfood.nl\/de\/produkte\/tomaten\/&#8220;][\/vc_column][vc_column width=&#8220;1\/4&#8243; css=&#8220;.vc_custom_1623847824780{border-right-width: 1px !important;border-right-color: #e8e8e8 !important;border-right-style: solid !important;}&#8220;][vc_single_image image=&#8220;1050&#8243; img_size=&#8220;full&#8220; alignment=&#8220;center&#8220; onclick=&#8220;custom_link&#8220; css_animation=&#8220;none&#8220; css=&#8220;.vc_custom_1624826316384{margin-bottom: 0px !important;}&#8220; link=&#8220;https:\/\/eminentfood.nl\/de\/produkte\/paprikas\/&#8220;][\/vc_column][vc_column width=&#8220;1\/4&#8243; css=&#8220;.vc_custom_1623847923232{border-right-width: 1px !important;border-right-color: #ffffff !important;border-right-style: solid !important;}&#8220;][vc_single_image image=&#8220;829&#8243; img_size=&#8220;full&#8220; alignment=&#8220;center&#8220; onclick=&#8220;custom_link&#8220; css_animation=&#8220;none&#8220; css=&#8220;.vc_custom_1625011698655{margin-bottom: 0px !important;}&#8220; link=&#8220;https:\/\/eminentfood.nl\/de\/produkte\/pfeffer\/&#8220;][\/vc_column][\/vc_row][vc_row][vc_column][vc_separator color=&#8220;custom&#8220;&hellip;\" \/>\n<meta property=\"og:url\" content=\"https:\/\/eminentfood.nl\/de\/produkte\/\" \/>\n<meta property=\"og:site_name\" content=\"Eminent Food\" \/>\n<meta property=\"article:publisher\" content=\"https:\/\/www.facebook.com\/eminentfood\" \/>\n<meta property=\"article:modified_time\" content=\"2025-05-12T13:36:50+00:00\" \/>\n<meta name=\"twitter:card\" content=\"summary_large_image\" \/>\n<meta name=\"twitter:label1\" content=\"Gesch\u00e4tzte Lesezeit\" \/>\n\t<meta name=\"twitter:data1\" content=\"2\u00a0Minuten\" \/>\n<script type=\"application\/ld+json\" class=\"yoast-schema-graph\">{\"@context\":\"https:\\\/\\\/schema.org\",\"@graph\":[{\"@type\":\"WebPage\",\"@id\":\"https:\\\/\\\/eminentfood.nl\\\/de\\\/produkte\\\/\",\"url\":\"https:\\\/\\\/eminentfood.nl\\\/de\\\/produkte\\\/\",\"name\":\"PRODUKTE - Eminent Food\",\"isPartOf\":{\"@id\":\"https:\\\/\\\/eminentfood.nl\\\/de\\\/#website\"},\"datePublished\":\"2021-06-15T20:53:20+00:00\",\"dateModified\":\"2025-05-12T13:36:50+00:00\",\"breadcrumb\":{\"@id\":\"https:\\\/\\\/eminentfood.nl\\\/de\\\/produkte\\\/#breadcrumb\"},\"inLanguage\":\"de\",\"potentialAction\":[{\"@type\":\"ReadAction\",\"target\":[\"https:\\\/\\\/eminentfood.nl\\\/de\\\/produkte\\\/\"]}]},{\"@type\":\"BreadcrumbList\",\"@id\":\"https:\\\/\\\/eminentfood.nl\\\/de\\\/produkte\\\/#breadcrumb\",\"itemListElement\":[{\"@type\":\"ListItem\",\"position\":1,\"name\":\"Home\",\"item\":\"https:\\\/\\\/eminentfood.nl\\\/de\\\/\"},{\"@type\":\"ListItem\",\"position\":2,\"name\":\"PRODUKTE\"}]},{\"@type\":\"WebSite\",\"@id\":\"https:\\\/\\\/eminentfood.nl\\\/de\\\/#website\",\"url\":\"https:\\\/\\\/eminentfood.nl\\\/de\\\/\",\"name\":\"Eminent Food\",\"description\":\"the art of creation\",\"publisher\":{\"@id\":\"https:\\\/\\\/eminentfood.nl\\\/de\\\/#organization\"},\"potentialAction\":[{\"@type\":\"SearchAction\",\"target\":{\"@type\":\"EntryPoint\",\"urlTemplate\":\"https:\\\/\\\/eminentfood.nl\\\/de\\\/?s={search_term_string}\"},\"query-input\":{\"@type\":\"PropertyValueSpecification\",\"valueRequired\":true,\"valueName\":\"search_term_string\"}}],\"inLanguage\":\"de\"},{\"@type\":\"Organization\",\"@id\":\"https:\\\/\\\/eminentfood.nl\\\/de\\\/#organization\",\"name\":\"Eminent Food\",\"url\":\"https:\\\/\\\/eminentfood.nl\\\/de\\\/\",\"logo\":{\"@type\":\"ImageObject\",\"inLanguage\":\"de\",\"@id\":\"https:\\\/\\\/eminentfood.nl\\\/de\\\/#\\\/schema\\\/logo\\\/image\\\/\",\"url\":\"https:\\\/\\\/eminentfood.nl\\\/wp-content\\\/uploads\\\/2021\\\/06\\\/Eminent-logo-mobiel-2x.png\",\"contentUrl\":\"https:\\\/\\\/eminentfood.nl\\\/wp-content\\\/uploads\\\/2021\\\/06\\\/Eminent-logo-mobiel-2x.png\",\"width\":480,\"height\":207,\"caption\":\"Eminent Food\"},\"image\":{\"@id\":\"https:\\\/\\\/eminentfood.nl\\\/de\\\/#\\\/schema\\\/logo\\\/image\\\/\"},\"sameAs\":[\"https:\\\/\\\/www.facebook.com\\\/eminentfood\",\"https:\\\/\\\/www.instagram.com\\\/eminentfood\\\/\",\"https:\\\/\\\/www.linkedin.com\\\/company\\\/eminentseeds\\\/\",\"https:\\\/\\\/www.youtube.com\\\/channel\\\/UCDzCvwW0izurfl7szL2an4w\"]}]}<\/script>\n<!-- \/ Yoast SEO plugin. -->","yoast_head_json":{"title":"PRODUKTE - Eminent Food","robots":{"index":"index","follow":"follow","max-snippet":"max-snippet:-1","max-image-preview":"max-image-preview:large","max-video-preview":"max-video-preview:-1"},"canonical":"https:\/\/eminentfood.nl\/de\/produkte\/","og_locale":"de_DE","og_type":"article","og_title":"PRODUKTE - Eminent Food","og_description":"[vc_row equal_height=&#8220;yes&#8220; content_placement=&#8220;top&#8220;][vc_column width=&#8220;1\/4&#8243; css=&#8220;.vc_custom_1623847764798{border-right-width: 1px !important;border-right-color: #e8e8e8 !important;border-right-style: solid !important;}&#8220;][vc_single_image image=&#8220;387&#8243; img_size=&#8220;full&#8220; alignment=&#8220;center&#8220; onclick=&#8220;custom_link&#8220; css_animation=&#8220;none&#8220; css=&#8220;.vc_custom_1623920583640{margin-bottom: 0px !important;}&#8220; link=&#8220;https:\/\/eminentfood.nl\/de\/produkte\/tomaten\/&#8220;][\/vc_column][vc_column width=&#8220;1\/4&#8243; css=&#8220;.vc_custom_1623847824780{border-right-width: 1px !important;border-right-color: #e8e8e8 !important;border-right-style: solid !important;}&#8220;][vc_single_image image=&#8220;1050&#8243; img_size=&#8220;full&#8220; alignment=&#8220;center&#8220; onclick=&#8220;custom_link&#8220; css_animation=&#8220;none&#8220; css=&#8220;.vc_custom_1624826316384{margin-bottom: 0px !important;}&#8220; link=&#8220;https:\/\/eminentfood.nl\/de\/produkte\/paprikas\/&#8220;][\/vc_column][vc_column width=&#8220;1\/4&#8243; css=&#8220;.vc_custom_1623847923232{border-right-width: 1px !important;border-right-color: #ffffff !important;border-right-style: solid !important;}&#8220;][vc_single_image image=&#8220;829&#8243; img_size=&#8220;full&#8220; alignment=&#8220;center&#8220; onclick=&#8220;custom_link&#8220; css_animation=&#8220;none&#8220; css=&#8220;.vc_custom_1625011698655{margin-bottom: 0px !important;}&#8220; link=&#8220;https:\/\/eminentfood.nl\/de\/produkte\/pfeffer\/&#8220;][\/vc_column][\/vc_row][vc_row][vc_column][vc_separator color=&#8220;custom&#8220;&hellip;","og_url":"https:\/\/eminentfood.nl\/de\/produkte\/","og_site_name":"Eminent Food","article_publisher":"https:\/\/www.facebook.com\/eminentfood","article_modified_time":"2025-05-12T13:36:50+00:00","twitter_card":"summary_large_image","twitter_misc":{"Gesch\u00e4tzte Lesezeit":"2\u00a0Minuten"},"schema":{"@context":"https:\/\/schema.org","@graph":[{"@type":"WebPage","@id":"https:\/\/eminentfood.nl\/de\/produkte\/","url":"https:\/\/eminentfood.nl\/de\/produkte\/","name":"PRODUKTE - Eminent Food","isPartOf":{"@id":"https:\/\/eminentfood.nl\/de\/#website"},"datePublished":"2021-06-15T20:53:20+00:00","dateModified":"2025-05-12T13:36:50+00:00","breadcrumb":{"@id":"https:\/\/eminentfood.nl\/de\/produkte\/#breadcrumb"},"inLanguage":"de","potentialAction":[{"@type":"ReadAction","target":["https:\/\/eminentfood.nl\/de\/produkte\/"]}]},{"@type":"BreadcrumbList","@id":"https:\/\/eminentfood.nl\/de\/produkte\/#breadcrumb","itemListElement":[{"@type":"ListItem","position":1,"name":"Home","item":"https:\/\/eminentfood.nl\/de\/"},{"@type":"ListItem","position":2,"name":"PRODUKTE"}]},{"@type":"WebSite","@id":"https:\/\/eminentfood.nl\/de\/#website","url":"https:\/\/eminentfood.nl\/de\/","name":"Eminent Food","description":"the art of creation","publisher":{"@id":"https:\/\/eminentfood.nl\/de\/#organization"},"potentialAction":[{"@type":"SearchAction","target":{"@type":"EntryPoint","urlTemplate":"https:\/\/eminentfood.nl\/de\/?s={search_term_string}"},"query-input":{"@type":"PropertyValueSpecification","valueRequired":true,"valueName":"search_term_string"}}],"inLanguage":"de"},{"@type":"Organization","@id":"https:\/\/eminentfood.nl\/de\/#organization","name":"Eminent Food","url":"https:\/\/eminentfood.nl\/de\/","logo":{"@type":"ImageObject","inLanguage":"de","@id":"https:\/\/eminentfood.nl\/de\/#\/schema\/logo\/image\/","url":"https:\/\/eminentfood.nl\/wp-content\/uploads\/2021\/06\/Eminent-logo-mobiel-2x.png","contentUrl":"https:\/\/eminentfood.nl\/wp-content\/uploads\/2021\/06\/Eminent-logo-mobiel-2x.png","width":480,"height":207,"caption":"Eminent Food"},"image":{"@id":"https:\/\/eminentfood.nl\/de\/#\/schema\/logo\/image\/"},"sameAs":["https:\/\/www.facebook.com\/eminentfood","https:\/\/www.instagram.com\/eminentfood\/","https:\/\/www.linkedin.com\/company\/eminentseeds\/","https:\/\/www.youtube.com\/channel\/UCDzCvwW0izurfl7szL2an4w"]}]}},"_links":{"self":[{"href":"https:\/\/eminentfood.nl\/de\/wp-json\/wp\/v2\/pages\/2775","targetHints":{"allow":["GET"]}}],"collection":[{"href":"https:\/\/eminentfood.nl\/de\/wp-json\/wp\/v2\/pages"}],"about":[{"href":"https:\/\/eminentfood.nl\/de\/wp-json\/wp\/v2\/types\/page"}],"author":[{"embeddable":true,"href":"https:\/\/eminentfood.nl\/de\/wp-json\/wp\/v2\/users\/1"}],"replies":[{"embeddable":true,"href":"https:\/\/eminentfood.nl\/de\/wp-json\/wp\/v2\/comments?post=2775"}],"version-history":[{"count":11,"href":"https:\/\/eminentfood.nl\/de\/wp-json\/wp\/v2\/pages\/2775\/revisions"}],"predecessor-version":[{"id":5729,"href":"https:\/\/eminentfood.nl\/de\/wp-json\/wp\/v2\/pages\/2775\/revisions\/5729"}],"wp:attachment":[{"href":"https:\/\/eminentfood.nl\/de\/wp-json\/wp\/v2\/media?parent=2775"}],"curies":[{"name":"wp","href":"https:\/\/api.w.org\/{rel}","templated":true}]}}